{"id":10,"date":"2023-04-13T09:44:47","date_gmt":"2023-04-13T09:44:47","guid":{"rendered":"http:\/\/193.194.89.184\/wp_lcpts\/?page_id=10"},"modified":"2023-06-12T09:54:18","modified_gmt":"2023-06-12T09:54:18","slug":"projets-de-recherche","status":"publish","type":"page","link":"https:\/\/lcpts.usthb.dz\/index.php\/projets-de-recherche\/","title":{"rendered":"Projets de recherche"},"content":{"rendered":"\n<p><strong>PROJETS PNR<\/strong><\/p>\n\n\n\n<p><strong>Projet 1&nbsp;:<\/strong>&nbsp;Chef de projet&nbsp;: Professeur TEFFAHI Hocine<br><strong>Ann\u00e9e de Projet 1&nbsp;:<\/strong>&nbsp;2011 \/2013<br><strong>Intitul\u00e9&nbsp;:<\/strong>&nbsp;Langue Berb\u00e8re et TIC<br><strong>Projet 2&nbsp;:<\/strong>&nbsp;Chef de projet&nbsp;: Professeur CHIBANI Youcef<br><strong>Ann\u00e9e de projet 2&nbsp;:&nbsp;<\/strong>2011 \/2013<br><strong>Intitul\u00e9&nbsp;:<\/strong>&nbsp;Traitement Automatique des Ch\u00e8ques Postaux Alg\u00e9riens<br><strong>Projet 3&nbsp;:<\/strong>&nbsp;Chef de projet&nbsp;: Professeur DEBYECHE Mohamed<br><strong>Ann\u00e9e de Projet 1&nbsp;:<\/strong>&nbsp;2011 \/2013<br><strong>Intitul\u00e9&nbsp;:<\/strong>Biom\u00e9trie et Reconnaissance Vocale dans les Communications<br>Mobiles&nbsp;<br><strong>Projet 4&nbsp;:<\/strong>&nbsp;Chef de projet&nbsp;: Professeur SAYOUD Halim<br><strong>Ann\u00e9e de Projet 1&nbsp;:<\/strong>&nbsp;2011 \/2013<br><strong>Intitul\u00e9&nbsp;:<\/strong>Syst\u00e8me de Supervision de Cam\u00e9ra bas\u00e9 sur l\u2019Ing\u00e9nierie<br>Audio<\/p>\n\n\n\n<h4>PROJETS CNEPRU<\/h4>\n\n\n\n<p><strong>Projet 1&nbsp;:<\/strong>Chef de projet:Professeur BOUDRAA Malika&nbsp;<br><strong>Code projet&nbsp;:<\/strong>&nbsp;J0200220060139<br><strong>Intitul\u00e9<\/strong>&nbsp;: Reconnaissance vocale en environnement mobile (GSM)<br><strong>Projet 2&nbsp;:<\/strong>Chef de projet:Professeur DJERADI Amar&nbsp;<br><strong>Code projet&nbsp;:<\/strong>&nbsp;J0200220060101<br><strong>Intitul\u00e9<\/strong>&nbsp;: Etude, caract\u00e9risation, mod\u00e9lisation et synth\u00e8se de geste de visage parlant&nbsp;<br><strong>Projet 3&nbsp;:<\/strong>Chef de projet:Professeur HOUACINE Amrane&nbsp;<br><strong>Code projet&nbsp;:<\/strong>&nbsp;J0200220060146<br><strong>Intitul\u00e9<\/strong>&nbsp;:Analyse des sc\u00e8nes audiovisuelles pour la d\u00e9tection, la classification et le suivi d\u2019interlocuteurs.<br><strong>Projet 4&nbsp;:<\/strong>2011\u00e0 2013 Chef de projet:Professeur BOUDRAA Malika&nbsp;<br><strong>Code du projet&nbsp;:<\/strong>&nbsp;J0200220100031<br><strong>Intitul\u00e9<\/strong>&nbsp;: Codage Font-end pour la Reconnaissance de la parole Embarqu\u00e9e et Distribu\u00e9e sur R\u00e9seau Mobile et sur R\u00e9seau IP&nbsp;<br><strong>Projet 5&nbsp;:<\/strong>Chef de projet:Professeur HOUACINE Amrane&nbsp;<br><strong>Code projet&nbsp;:<\/strong>&nbsp;J0200220100080<br><strong>Intitul\u00e9<\/strong>&nbsp;: Traitement de signaux audio-visuels&nbsp;: application \u00e0 la gestion automatique de vid\u00e9oconf\u00e9rences.<br><strong>Projet 6&nbsp;:<\/strong>&nbsp;Chef de projet&nbsp;: Professeur CHIBANI Youcef<br><strong>Code de Projet&nbsp;:<\/strong>J0200220100015<br><strong>Intitul\u00e9<\/strong>&nbsp;:D\u00e9veloppement d\u2019un syst\u00e8me pour la reconnaissance de l\u2019\u00e9criture manuscrite dans les documents images.<\/p>\n","protected":false},"excerpt":{"rendered":"<p>PROJETS PNR Projet 1&nbsp;:&nbsp;Chef de projet&nbsp;: Professeur TEFFAHI HocineAnn\u00e9e de Projet 1&nbsp;:&nbsp;2011 \/2013Intitul\u00e9&nbsp;:&nbsp;Langue Berb\u00e8re et TICProjet 2&nbsp;:&nbsp;Chef de projet&nbsp;: Professeur CHIBANI YoucefAnn\u00e9e de projet 2&nbsp;:&nbsp;2011 \/2013Intitul\u00e9&nbsp;:&nbsp;Traitement Automatique des Ch\u00e8ques Postaux Alg\u00e9riensProjet 3&nbsp;:&nbsp;Chef de projet&nbsp;: Professeur DEBYECHE MohamedAnn\u00e9e de Projet 1&nbsp;:&nbsp;2011 <span class=\"readmore\"><a href=\"https:\/\/lcpts.usthb.dz\/index.php\/projets-de-recherche\/\">Continue Reading<\/a><\/span><\/p>\n","protected":false},"author":1,"featured_media":0,"parent":0,"menu_order":0,"comment_status":"closed","ping_status":"closed","template":"","meta":[],"_links":{"self":[{"href":"https:\/\/lcpts.usthb.dz\/index.php\/wp-json\/wp\/v2\/pages\/10"}],"collection":[{"href":"https:\/\/lcpts.usthb.dz\/index.php\/wp-json\/wp\/v2\/pages"}],"about":[{"href":"https:\/\/lcpts.usthb.dz\/index.php\/wp-json\/wp\/v2\/types\/page"}],"author":[{"embeddable":true,"href":"https:\/\/lcpts.usthb.dz\/index.php\/wp-json\/wp\/v2\/users\/1"}],"replies":[{"embeddable":true,"href":"https:\/\/lcpts.usthb.dz\/index.php\/wp-json\/wp\/v2\/comments?post=10"}],"version-history":[{"count":2,"href":"https:\/\/lcpts.usthb.dz\/index.php\/wp-json\/wp\/v2\/pages\/10\/revisions"}],"predecessor-version":[{"id":60,"href":"https:\/\/lcpts.usthb.dz\/index.php\/wp-json\/wp\/v2\/pages\/10\/revisions\/60"}],"wp:attachment":[{"href":"https:\/\/lcpts.usthb.dz\/index.php\/wp-json\/wp\/v2\/media?parent=10"}],"curies":[{"name":"wp","href":"https:\/\/api.w.org\/{rel}","templated":true}]}}