{"id":405,"date":"2023-06-22T11:31:37","date_gmt":"2023-06-22T11:31:37","guid":{"rendered":"http:\/\/193.194.89.189\/wp_lcpts\/?page_id=405"},"modified":"2023-07-06T13:02:11","modified_gmt":"2023-07-06T13:02:11","slug":"publications-internationales-7","status":"publish","type":"page","link":"https:\/\/lcpts.usthb.dz\/index.php\/publications-internationales-7\/","title":{"rendered":"Publications Internationales"},"content":{"rendered":"\n<p><strong>Marouf A. and Houacine A., (2016)<\/strong>, \u201cImproving parametric active contours by using attracting point distance map\u201d, in Multimedia Tools and Applications, Springer.<\/p>\n\n\n\n<hr class=\"wp-block-separator has-alpha-channel-opacity\"\/>\n\n\n\n<p><strong>Guerid A. and Houacine A., (2016)<\/strong>, \u201cCelp coder modification for the voice conversion\u201d, International Journal of Signal Processing, Vol.4, N\u00b02, pp.124-127.<\/p>\n\n\n\n<hr class=\"wp-block-separator has-alpha-channel-opacity\"\/>\n\n\n\n<p><strong>Zerrouki, N., Harrou, F., Sun, Y., Houacine, A. (2016)<\/strong>,Accelerometer and Camera-Based Strategy for Improved Human Fall Detection. Journal of Medical Systems, 40(12), 284. Springer International Publishing.<\/p>\n\n\n\n<hr class=\"wp-block-separator has-alpha-channel-opacity\"\/>\n\n\n\n<p><strong>S.Ouamour, H. Sayoud,2013<\/strong>&#8220;A new approach of speaker clustering based on the stereophonic differential energy&#8221;, Springer Inter. Jou. Of Speech Technology, DOI:10.1007\/s10772-013-9199-z, Vol.16, Issue 04, pp.513-523, <a href=\"http:\/\/www.springer.com\/engineering\/signals\/journal\/10772\">http:\/\/www.springer.com\/engineering\/signals\/journal\/10772<\/a>.<\/p>\n\n\n\n<hr class=\"wp-block-separator has-alpha-channel-opacity\"\/>\n\n\n\n<p><strong>H. Sayoud, S. Khennouf and S. Ouamour,2013<\/strong>Virtual Speaker Tracking by Camera Using a Sound Source Localization with two Microphones, Journal&nbsp;: International Journal of Networking and Virtual Organisations, Vol. 12, No. 2, 2013. pp&nbsp;: 85-110, Publisher&nbsp;: Indersciences, Switzerland <a href=\"http:\/\/www.inderscience.com\/info\/ingeneral\/forthcoming.php?jcode=ijnvo\">http:\/\/www.inderscience.com\/info\/ingeneral\/forthcoming.php?jcode=ijnvo<\/a>.<\/p>\n\n\n\n<hr class=\"wp-block-separator has-alpha-channel-opacity\"\/>\n\n\n\n<p><strong>A. Guerid A. Houacine,R. Andre-obrecht and H.Lachambre,2012<\/strong>\u201cPerformance of new voice conversion systems based on GMM models and applied to Arabic language\u201d, International Journal of Speech Technology, Springer-Verlag Ed, ISSN 1381-2416, Vol 15.N\u00b04.pp&nbsp;;477-485, 2012. <a href=\"http:\/\/www.springerlink.com\/openurl.asp?genre=article&amp;id=doi:10.1007\/s10772-012-9145-5\">http:\/\/www.springerlink.com\/openurl.asp?genre=article&amp;id=doi:10.1007\/s10772-012-9145-5<\/a>.<\/p>\n\n\n\n<hr class=\"wp-block-separator has-alpha-channel-opacity\"\/>\n\n\n\n<p><strong>S. Ouamour and H. Sayoud,2012<\/strong>A pertinent learning machine input feature for speaker discrimination by voice, International Journal of Speech Technology, Springer Ed., Feb. 2012, Ref. (2012) 15:181\u2013190, doi:10.1007\/s10772-012-9132-x.<\/p>\n\n\n\n<hr class=\"wp-block-separator has-alpha-channel-opacity\"\/>\n\n\n\n<p><strong>N.Abbas and Y.Chibani 2012,<\/strong>SVM-DSmT Combination for the Simultaneous Verification of Off-line and On-line Handwritten Signatures, International Journal of Computational Intelligence and Applications, vol. 11, no. 3, pp. 1250018-1-1250018-21, World Scientific Editor.<\/p>\n\n\n\n<hr class=\"wp-block-separator has-alpha-channel-opacity\"\/>\n\n\n\n<p><strong>H. Sayoud, S. Ouamour and S. Khennouf 2011,<\/strong> Automatic Speaker Tracking by Camera Using TwoChannel- Based Sound Source Localization, International Journal of Intelligent Computing and Cybernetics. Vol. 4 Issue&nbsp;: 1, pp.40-60, 2011. <a href=\"http:\/\/www.emeraldinsight.com\/products\/journals\/journals.htm?id=ijicc\">http:\/\/www.emeraldinsight.com\/products\/journals\/journals.htm?id=ijicc<\/a>.<\/p>\n\n\n\n<hr class=\"wp-block-separator has-alpha-channel-opacity\"\/>\n\n\n\n<p><strong>L. FERGANI, A. HOUACINE and B. FERGANI,<\/strong>Segmentation de signaux audio&nbsp;: une nouvelle approche utilisant le critere d\u2019alignement, canadian acoustics journal, Vol.38, N2, pp.3-10, juin 2010.<\/p>\n\n\n\n<hr class=\"wp-block-separator has-alpha-channel-opacity\"\/>\n\n\n\n<p><strong>A. HAMZA, S.CHITROUB and G. SALUT<\/strong>An efficient noisy-ICA based approach to MUD in IDMA systems\u2019\u2019<em>,&nbsp;<\/em>nternational journal of communications, network and system sciences , Vol. 3, No. 9, pp. 722-729, 2010.<\/p>\n\n\n\n<hr class=\"wp-block-separator has-alpha-channel-opacity\"\/>\n\n\n\n<p><strong>H. NEMMOUR and Y.CHIBANI, <\/strong>Handwritten digit recognition based on a Neural-SVM combination, International journal of computers and applications (Acta Press Editor), Vol. 32, No.1, pp. 104-109, 2010.<\/p>\n\n\n\n<hr class=\"wp-block-separator has-alpha-channel-opacity\"\/>\n\n\n\n<p><strong>S. MEKAOUI, A.HOUACINE and T.GHARBI<\/strong>, \u201c&nbsp;Reassigned spectrogram representation for MMG analysis&nbsp;\u201c, sensors letters, american scientific publishers, Vol.6, n\u00b04,pp.465-476, 2008<\/p>\n\n\n\n<hr class=\"wp-block-separator has-alpha-channel-opacity\"\/>\n\n\n\n<p><strong>B. FERGANI, M.DAVY and A.HOUACINE,<\/strong>&nbsp;\u201cSpeaker diarrization using one class SVM&nbsp;\u201c, speech communication, Vol.N\u00b0&nbsp;50, pp.355\u2013365, (2008).<\/p>\n\n\n\n<hr class=\"wp-block-separator has-alpha-channel-opacity\"\/>\n\n\n\n<p><strong>A. HAMZA and S. CHITROUB<\/strong>&nbsp;: \u2019Times New Roman\u2019&nbsp;; mso-fareast-language&nbsp;: FR&nbsp;; mso-bidi-language&nbsp;: AR-SA&#8221;&gt; \u201cPerformance study of receiver based on independent component analysis in CDMA systems\u2019\u2019, automatic control and computer sciences, springer verlag editor, Vol. 41, No. 6, pp. 343 \u2013 349, 2007.<\/p>\n\n\n\n<hr class=\"wp-block-separator has-alpha-channel-opacity\"\/>\n\n\n\n<p><strong>B. FERGANI, M.&nbsp;DAVY and&nbsp;;A. HOUACINE<\/strong>, Segmentation en locuteurs de documents audio&nbsp;: Une nouvelle approche bas\u00e9e sur les m\u00e9thodes \u00e0 vecteurs supports&nbsp;, canadian acoustic journal, Vol.35, N\u00b04, pp.3-10, d\u00e9cembre 2007 &nbsp;<a href=\"http:\/\/www.springerlink.com.\/content\/0146-4116\">http:\/\/www.springerlink.com.\/content\/0146-4116<\/a><\/p>\n","protected":false},"excerpt":{"rendered":"<p>Marouf A. and Houacine A., (2016), \u201cImproving parametric active contours by using attracting point distance map\u201d, in Multimedia Tools and Applications, Springer. Guerid A. and Houacine A., (2016), \u201cCelp coder modification for the voice conversion\u201d, International Journal of Signal Processing, <span class=\"readmore\"><a href=\"https:\/\/lcpts.usthb.dz\/index.php\/publications-internationales-7\/\">Continue Reading<\/a><\/span><\/p>\n","protected":false},"author":1,"featured_media":0,"parent":0,"menu_order":0,"comment_status":"closed","ping_status":"closed","template":"","meta":[],"_links":{"self":[{"href":"https:\/\/lcpts.usthb.dz\/index.php\/wp-json\/wp\/v2\/pages\/405"}],"collection":[{"href":"https:\/\/lcpts.usthb.dz\/index.php\/wp-json\/wp\/v2\/pages"}],"about":[{"href":"https:\/\/lcpts.usthb.dz\/index.php\/wp-json\/wp\/v2\/types\/page"}],"author":[{"embeddable":true,"href":"https:\/\/lcpts.usthb.dz\/index.php\/wp-json\/wp\/v2\/users\/1"}],"replies":[{"embeddable":true,"href":"https:\/\/lcpts.usthb.dz\/index.php\/wp-json\/wp\/v2\/comments?post=405"}],"version-history":[{"count":2,"href":"https:\/\/lcpts.usthb.dz\/index.php\/wp-json\/wp\/v2\/pages\/405\/revisions"}],"predecessor-version":[{"id":606,"href":"https:\/\/lcpts.usthb.dz\/index.php\/wp-json\/wp\/v2\/pages\/405\/revisions\/606"}],"wp:attachment":[{"href":"https:\/\/lcpts.usthb.dz\/index.php\/wp-json\/wp\/v2\/media?parent=405"}],"curies":[{"name":"wp","href":"https:\/\/api.w.org\/{rel}","templated":true}]}}