{"id":451,"date":"2023-06-25T13:11:54","date_gmt":"2023-06-25T13:11:54","guid":{"rendered":"http:\/\/193.194.89.189\/wp_lcpts\/?page_id=451"},"modified":"2024-05-02T09:08:55","modified_gmt":"2024-05-02T09:08:55","slug":"exploration-de-donnees-textuelles-pour-des-applications-audio-et-multimediaticvp-2","status":"publish","type":"page","link":"https:\/\/lcpts.usthb.dz\/index.php\/exploration-de-donnees-textuelles-pour-des-applications-audio-et-multimediaticvp-2\/","title":{"rendered":"\u00c9quipe 5: Exploration de Donn\u00e9es Textuelles pour des Applications Audio et Multim\u00e9dia(TICVP)"},"content":{"rendered":"\n<p><a href=\"http:\/\/lcpts.usthb.dz\/index.php\/presentation-17\/\">Pr\u00e9sentation<\/a><\/p>\n\n\n\n<p><a href=\"http:\/\/lcpts.usthb.dz\/index.php\/composition-humaine-12\/\">Composition Humaine<\/a><\/p>\n\n\n\n<p><a href=\"http:\/\/lcpts.usthb.dz\/index.php\/publications-internationales-11\/\">Publications Internationales<\/a><\/p>\n\n\n\n<p><a href=\"http:\/\/lcpts.usthb.dz\/index.php\/publications-nationales-13\/\">Publications Nationales<\/a><\/p>\n\n\n\n<p><a href=\"http:\/\/lcpts.usthb.dz\/index.php\/communications-internationales-13\/\">Communications Internationales<\/a><\/p>\n\n\n\n<p><a href=\"http:\/\/lcpts.usthb.dz\/index.php\/communications-nationales-10\/\">Communications Nationales<\/a><\/p>\n\n\n\n<p><a href=\"http:\/\/lcpts.usthb.dz\/index.php\/formation-doctorale-13\/\">Formation Doctorale<\/a><\/p>\n\n\n\n<p><a href=\"http:\/\/lcpts.usthb.dz\/index.php\/projet-de-recherche-12\/\">Projet de Recherche<\/a><\/p>\n","protected":false},"excerpt":{"rendered":"<p>Pr\u00e9sentation Composition Humaine Publications Internationales Publications Nationales Communications Internationales Communications Nationales Formation Doctorale Projet de Recherche<\/p>\n","protected":false},"author":1,"featured_media":0,"parent":0,"menu_order":0,"comment_status":"closed","ping_status":"closed","template":"","meta":[],"_links":{"self":[{"href":"https:\/\/lcpts.usthb.dz\/index.php\/wp-json\/wp\/v2\/pages\/451"}],"collection":[{"href":"https:\/\/lcpts.usthb.dz\/index.php\/wp-json\/wp\/v2\/pages"}],"about":[{"href":"https:\/\/lcpts.usthb.dz\/index.php\/wp-json\/wp\/v2\/types\/page"}],"author":[{"embeddable":true,"href":"https:\/\/lcpts.usthb.dz\/index.php\/wp-json\/wp\/v2\/users\/1"}],"replies":[{"embeddable":true,"href":"https:\/\/lcpts.usthb.dz\/index.php\/wp-json\/wp\/v2\/comments?post=451"}],"version-history":[{"count":14,"href":"https:\/\/lcpts.usthb.dz\/index.php\/wp-json\/wp\/v2\/pages\/451\/revisions"}],"predecessor-version":[{"id":903,"href":"https:\/\/lcpts.usthb.dz\/index.php\/wp-json\/wp\/v2\/pages\/451\/revisions\/903"}],"wp:attachment":[{"href":"https:\/\/lcpts.usthb.dz\/index.php\/wp-json\/wp\/v2\/media?parent=451"}],"curies":[{"name":"wp","href":"https:\/\/api.w.org\/{rel}","templated":true}]}}