{"id":490,"date":"2023-07-04T08:43:15","date_gmt":"2023-07-04T08:43:15","guid":{"rendered":"http:\/\/193.194.89.189\/wp_lcpts\/?page_id=490"},"modified":"2023-07-06T12:41:41","modified_gmt":"2023-07-06T12:41:41","slug":"presentation-13","status":"publish","type":"page","link":"https:\/\/lcpts.usthb.dz\/index.php\/presentation-13\/","title":{"rendered":"Pr\u00e9sentation"},"content":{"rendered":"\n<p><\/p>\n\n\n\n<p>&nbsp;L\u2019\u00e9quipe EDT propose de faire des travaux dans le domaine de l\u2019exploration de donn\u00e9es textuelles en rapport avec les applications multim\u00e9dia et mobiles dans un but de classification par auteur, par th\u00e8me, par genre etc\u2026. Nous nous int\u00e9ressons \u00e0 l\u2019information v\u00e9hicul\u00e9e par le texte, par le son ou par tout autre type de mode, susceptible de permettre une fouille intelligente de l\u2019information. L\u2019axe principal de l\u2019\u00e9quipe aura pour objectif l\u2019exploration et la classification automatique, bas\u00e9es sur des concepts linguistiques et de traitement de l\u2019information, de donn\u00e9es textuelles. Par ailleurs, les principales applications cibl\u00e9es sont l\u2019exploration de donn\u00e9es multim\u00e9dia (tels que la transcription de flux audio, sous-titrage TV audio-visuel, Analyse de contenu de sites web, etc.) et l\u2019exploration de donn\u00e9es mobiles (tels que SMS, Transmissions de T\u00e9l\u00e9texte par satellite, Emails, etc.) Les techniques utilis\u00e9es sont bas\u00e9es (non exclusivement) sur l\u2019Apprentissage Artificiel, le Data Mining, le traitement de l\u2019information multim\u00e9dia et les moyens modernes de t\u00e9l\u00e9communication<\/p>\n\n\n\n<p><strong>Th\u00e8mes de recherche<\/strong><\/p>\n\n\n\n<p>Les th\u00e8mes de recherche sont pris en charge selon les comp\u00e9tences des \u00e9quipes et se pr\u00e9sentent comme suit&nbsp;:<\/p>\n\n\n\n<p>\u00b7&nbsp; Linguistique computationnelle et Traitement automatique du langage naturel<\/p>\n\n\n\n<p>\u00b7&nbsp; Transcription de la parole<\/p>\n\n\n\n<p>\u00b7&nbsp; Analyse de documents audio (parole)<\/p>\n\n\n\n<p>\u00b7&nbsp; Cat\u00e9gorisation de donn\u00e9es textuelles<\/p>\n\n\n\n<p>\u00b7&nbsp; Traitement de l\u2019information Multim\u00e9dia<\/p>\n\n\n\n<p>\u00b7&nbsp; Intelligence artificielle<\/p>\n\n\n\n<p>\u00b7&nbsp; T\u00e9l\u00e9communications modernes par texte<\/p>\n","protected":false},"excerpt":{"rendered":"<p>&nbsp;L\u2019\u00e9quipe EDT propose de faire des travaux dans le domaine de l\u2019exploration de donn\u00e9es textuelles en rapport avec les applications multim\u00e9dia et mobiles dans un but de classification par auteur, par th\u00e8me, par genre etc\u2026. Nous nous int\u00e9ressons \u00e0 l\u2019information <span class=\"readmore\"><a href=\"https:\/\/lcpts.usthb.dz\/index.php\/presentation-13\/\">Continue Reading<\/a><\/span><\/p>\n","protected":false},"author":1,"featured_media":0,"parent":0,"menu_order":0,"comment_status":"closed","ping_status":"closed","template":"","meta":[],"_links":{"self":[{"href":"https:\/\/lcpts.usthb.dz\/index.php\/wp-json\/wp\/v2\/pages\/490"}],"collection":[{"href":"https:\/\/lcpts.usthb.dz\/index.php\/wp-json\/wp\/v2\/pages"}],"about":[{"href":"https:\/\/lcpts.usthb.dz\/index.php\/wp-json\/wp\/v2\/types\/page"}],"author":[{"embeddable":true,"href":"https:\/\/lcpts.usthb.dz\/index.php\/wp-json\/wp\/v2\/users\/1"}],"replies":[{"embeddable":true,"href":"https:\/\/lcpts.usthb.dz\/index.php\/wp-json\/wp\/v2\/comments?post=490"}],"version-history":[{"count":2,"href":"https:\/\/lcpts.usthb.dz\/index.php\/wp-json\/wp\/v2\/pages\/490\/revisions"}],"predecessor-version":[{"id":602,"href":"https:\/\/lcpts.usthb.dz\/index.php\/wp-json\/wp\/v2\/pages\/490\/revisions\/602"}],"wp:attachment":[{"href":"https:\/\/lcpts.usthb.dz\/index.php\/wp-json\/wp\/v2\/media?parent=490"}],"curies":[{"name":"wp","href":"https:\/\/api.w.org\/{rel}","templated":true}]}}